{"id":841,"date":"2026-04-24T00:39:56","date_gmt":"2026-04-23T22:39:56","guid":{"rendered":"https:\/\/portvinsnuden.dk\/shop\/?post_type=product&#038;p=841"},"modified":"2026-04-24T01:06:19","modified_gmt":"2026-04-23T23:06:19","slug":"quinta-do-popa-vintage-port-2017","status":"publish","type":"product","link":"https:\/\/portvinsnuden.dk\/shop\/vare\/quinta-do-popa-vintage-port-2017\/","title":{"rendered":"Quinta do P\u00f4pa, Vintage Port 2017"},"content":{"rendered":"<p>En moderne og koncentreret Vintage Port fra Quinta do P\u00f4pa i Adorigo ved Tabua\u00e7o \u2014 husets hjerteland i Cima Corgo, midt i Douro-dalen. 2017 er en deklareret \u00e5rgang, og denne flaske er en hyldest til Jos\u00e9 Ferreira, kaldet <em>Zeca do P\u00f4pa<\/em> \u2014 dr\u00f8mmeren, der grundlagde familiens arv. Blendet fra Touriga Nacional, Touriga Franca, Tinta Roriz, Tinto C\u00e3o og Tinta Barroca, g\u00e6ret i traditionelle <em>lagares<\/em> og aftappet i juli 2019 efter kort fadlagring \u2014 bygget til \u00e5rtiers udvikling i flasken.<\/p>\n<p>Farven er uigennemtr\u00e6ngelig, n\u00e6rmest bl\u00e6kfarvet med violette reflekser i kanten. N\u00e6sen er ung og opladet: m\u00f8rke kirseb\u00e6r, bromb\u00e6r, solb\u00e6r og blommer pakket ind i violer, lakrids og et strejf af m\u00f8rk chokolade. I munden er vinen t\u00e6t og struktureret \u2014 fast tannin b\u00e6rer den koncentrerede frugt, og en diskret syre strammer helheden op. Eftersmagen er lang og mineralsk, med et ekko af krydderier og t\u00f8rret frugt \u2014 en Vintage i sin ungdom, der inviterer til dekantering nu eller til t\u00e5lmodighed i k\u00e6lderen. B\u00f8r drikkes inden for 1-2 dage efter \u00e5bning.<\/p>\n","protected":false},"excerpt":{"rendered":"<p>Den koncentrerede, m\u00f8rke frugt definerer vinen \u2014 kirseb\u00e6r, bromb\u00e6r og solb\u00e6r i et dybt, ungdommeligt udtryk. S\u00f8dmen er tydelig men holdt i skak af en fast, stram tannin-struktur, der f\u00f8rst for alvor foldes ud over \u00e5rtier. Syren er frisk og stramt integreret, og kompleksiteten er allerede h\u00f8j: lag af violer, lakrids, m\u00f8rk chokolade og krydderier sidder t\u00e6t. En Vintage med tydeligt lagringspotentiale.<\/p>\n","protected":false},"featured_media":0,"comment_status":"open","ping_status":"closed","template":"","meta":{"pv_region":"Cima Corgo, Douro, Portugal","pv_style":"Premium & lagringsdygtig","pv_alcohol":"19% vol.","pv_volume":"750 ml","pv_serving":"12-16\u00b0C","pv_vintage":"","pv_bottled":"2017","pv_producer":"Quinta do P\u00f4pa","pv_taste_soedme":75,"pv_taste_frugt":85,"pv_taste_tannin":72,"pv_taste_syre":60,"pv_taste_kompleksitet":80},"product_brand":[],"product_cat":[24],"product_tag":[],"class_list":{"0":"post-841","1":"product","2":"type-product","3":"status-publish","5":"product_cat-vintage-port","7":"first","8":"instock","9":"taxable","10":"shipping-taxable","11":"purchasable","12":"product-type-simple"},"_links":{"self":[{"href":"https:\/\/portvinsnuden.dk\/shop\/wp-json\/wp\/v2\/product\/841","targetHints":{"allow":["GET"]}}],"collection":[{"href":"https:\/\/portvinsnuden.dk\/shop\/wp-json\/wp\/v2\/product"}],"about":[{"href":"https:\/\/portvinsnuden.dk\/shop\/wp-json\/wp\/v2\/types\/product"}],"replies":[{"embeddable":true,"href":"https:\/\/portvinsnuden.dk\/shop\/wp-json\/wp\/v2\/comments?post=841"}],"wp:attachment":[{"href":"https:\/\/portvinsnuden.dk\/shop\/wp-json\/wp\/v2\/media?parent=841"}],"wp:term":[{"taxonomy":"product_brand","embeddable":true,"href":"https:\/\/portvinsnuden.dk\/shop\/wp-json\/wp\/v2\/product_brand?post=841"},{"taxonomy":"product_cat","embeddable":true,"href":"https:\/\/portvinsnuden.dk\/shop\/wp-json\/wp\/v2\/product_cat?post=841"},{"taxonomy":"product_tag","embeddable":true,"href":"https:\/\/portvinsnuden.dk\/shop\/wp-json\/wp\/v2\/product_tag?post=841"}],"curies":[{"name":"wp","href":"https:\/\/api.w.org\/{rel}","templated":true}]}}