{"id":824,"date":"2026-04-22T15:48:12","date_gmt":"2026-04-22T13:48:12","guid":{"rendered":"https:\/\/portvinsnuden.dk\/shop\/?post_type=product&#038;p=824"},"modified":"2026-04-22T15:48:12","modified_gmt":"2026-04-22T13:48:12","slug":"2015-vista-alegre-white-colheita-port","status":"publish","type":"product","link":"https:\/\/portvinsnuden.dk\/shop\/vare\/2015-vista-alegre-white-colheita-port\/","title":{"rendered":"2015 Vista Alegre White &#8211; Colheita Port"},"content":{"rendered":"<p>Det sp\u00e6ndende ved 2015 Vallegre Vista Alegre White Colheita Port er, at den repr\u00e6senterer en af de mest undervurderede kategorier i hele portvinsverdenen:<br \/>\n\ud83d\udc49 White Colheita Port.<br \/>\nOg n\u00e5r det bliver lavet rigtigt \u2014 som her \u2014 kan det v\u00e6re fuldst\u00e6ndig vanedannende.<\/p>\n<p>\ud83e\udd43 1. White Colheita er ekstremt niche<br \/>\nDe fleste kender:<\/p>\n<p>Ruby Port<\/p>\n<p>Tawny Port<\/p>\n<p>Vintage Port<\/p>\n<p>Men White Colheita?<br \/>\n\ud83d\udc49 Det er sj\u00e6ldent.<br \/>\nDet er:<\/p>\n<p>hvid port<\/p>\n<p>fra \u00e9t enkelt h\u00f8st\u00e5r<\/p>\n<p>lagret mange \u00e5r p\u00e5 tr\u00e6fade<\/p>\n<p>Pr\u00e6cis som en klassisk Colheita \u2014 bare p\u00e5 hvide druer.<\/p>\n<p>\ud83c\udf47 2. Den er lavet p\u00e5 klassiske Douro-hvidvinsdruer<br \/>\nVallegre bruger traditionelle sorter som:<\/p>\n<p>Arinto<\/p>\n<p>Malvasia Fina<\/p>\n<p>Rabigato<\/p>\n<p>Viosinho<\/p>\n<p>Gouveio<\/p>\n<p>Cercial<\/p>\n<p>Det er vigtigt fordi:<br \/>\n\ud83d\udc49 de giver b\u00e5de:<\/p>\n<p>aromatik<\/p>\n<p>syre<\/p>\n<p>struktur<\/p>\n<p>som er n\u00f8dvendigt til lang oxidativ lagring.<\/p>\n<p>\ud83e\udeb5 3. Fadlagringen \u00e6ndrer vinen totalt<br \/>\nDen har lagret siden 2015 p\u00e5 gamle tr\u00e6fade.<br \/>\nUnder oxidativ lagring sker der noget magisk:<br \/>\nfrisk frugt bliver til:<\/p>\n<p>t\u00f8rret abrikos<\/p>\n<p>kandiseret citrus<\/p>\n<p>ristede n\u00f8dder<\/p>\n<p>karamel<\/p>\n<p>honning<\/p>\n<p>\ud83d\udc49 Det er d\u00e9t, der g\u00f8r White Colheita s\u00e5 kompleks.<\/p>\n<p>\ud83c\udf30 4. Aromaerne er ret vilde<br \/>\nSmagsnoterne beskrives med:<\/p>\n<p>hasseln\u00f8d<\/p>\n<p>mandler<\/p>\n<p>t\u00f8rret fersken<\/p>\n<p>t\u00f8rret blomme<\/p>\n<p>honning<\/p>\n<p>kandiseret frugt<\/p>\n<p>Og de ristede noter kommer fra:<\/p>\n<p>gamle tr\u00e6fade<\/p>\n<p>langsom oxidation<\/p>\n<p>\ud83d\udc49 Resultatet bliver n\u00e6sten cognac-agtigt i dybden.<\/p>\n<p>\u2696\ufe0f 5. Det mest imponerende: balancen<br \/>\nDet her er vigtigt.<br \/>\nMange s\u00f8de vine bliver tunge.<br \/>\nMen White Colheita fungerer fordi:<\/p>\n<p>s\u00f8dme<\/p>\n<p>oxidation<\/p>\n<p>syre<\/p>\n<p>balancerer hinanden.<br \/>\nVallegre beskriver selv en \u201cvibrant acidity\u201d i vinen.<br \/>\n\ud83d\udc49 Derfor f\u00f8les den levende \u2014 ikke tung.<\/p>\n<p>\ud83c\udf4a 6. Smagen udvikler sig konstant i glasset<br \/>\nF\u00f8rst f\u00e5r du:<\/p>\n<p>honning<\/p>\n<p>t\u00f8rret frugt<\/p>\n<p>s\u00e5 kommer:<\/p>\n<p>ristede n\u00f8dder<\/p>\n<p>appelsinskal<\/p>\n<p>karamel<\/p>\n<p>krydret tr\u00e6<\/p>\n<p>Til sidst:<\/p>\n<p>saltet n\u00f8ddeagtig finish<\/p>\n<p>n\u00e6sten oxidative sherry-noter<\/p>\n<p>\ud83d\udc49 Den bliver mere interessant jo l\u00e6ngere den st\u00e5r.<\/p>\n<p>\ud83e\udde0 7. White Colheita minder lidt om gammel tawny + sherry<br \/>\nHvis man skal forklare stilen hurtigt:<br \/>\n\ud83d\udc49 forestil dig:<\/p>\n<p>gammel tawny port<\/p>\n<p>m\u00f8der oloroso sherry<\/p>\n<p>med mere s\u00f8dme og silkebl\u00f8d tekstur<\/p>\n<p>&nbsp;<\/p>\n<p>\ud83c\udf6e 8. Madmatch er absurd godt her<br \/>\nDen her type port er fantastisk til:<\/p>\n<p>cr\u00e8me br\u00fbl\u00e9e<\/p>\n<p>tarte tatin<\/p>\n<p>n\u00f8ddekager<\/p>\n<p>karameldesserter<\/p>\n<p>bl\u00e5skimmelost<\/p>\n<p>foie gras<\/p>\n<p>Men honestly:<br \/>\n\ud83d\udc49 den er fantastisk alene.<\/p>\n<p>\ud83e\uddca 9. Temperatur betyder ALT<br \/>\nServer den k\u00f8ligt:<\/p>\n<p>ca. 10\u201312\u00b0C<\/p>\n<p>For varm:<\/p>\n<p>tungere<\/p>\n<p>mere alkoholisk<\/p>\n<p>Lidt k\u00f8lig:<\/p>\n<p>syren l\u00f8fter alt<\/p>\n<p>n\u00f8dder og citrus bliver mere pr\u00e6cise<\/p>\n<p>&nbsp;<\/p>\n<p>\u23f3 10. Colheita handler om fad \u2014 ikke flaskelagring<br \/>\nVigtigt:<br \/>\nColheita udvikler sig prim\u00e6rt p\u00e5 fad.<br \/>\nN\u00e5r den tappes:<br \/>\n\ud83d\udc49 er den egentlig \u201cf\u00e6rdig\u201d.<br \/>\nS\u00e5 det her er en vin klar til at imponere nu.<\/p>\n<p>\ud83c\udfdb\ufe0f 11. Vallegre er bedre end mange tror<br \/>\nVista Alegre \/ Vallegre er lidt en insider-producent.<br \/>\nDe arbejder meget traditionelt og bruger stadig:<\/p>\n<p>lagares<\/p>\n<p>gamle fade<\/p>\n<p>klassiske Douro-metoder<\/p>\n<p>\ud83d\udc49 Derfor f\u00e5r du ofte ekstrem kvalitet til prisen.<\/p>\n<p>Den her b\u00f8r positioneres som:<br \/>\n\u201cEn kompleks og fadmodnet White Colheita med lag p\u00e5 lag af n\u00f8dder, honning og t\u00f8rret frugt \u2014 en overset luksus i portvinsverdenen.\u201d<\/p>\n<p>\u26a1 Den vigtigste indsigt<br \/>\n\ud83d\udc49<br \/>\nDet her er ikke \u201chvid port\u201d.<br \/>\nDet er:<\/p>\n<p>oxidativ luksusvin<\/p>\n<p>med enorm kompleksitet<\/p>\n<p>silkebl\u00f8d tekstur<\/p>\n<p>n\u00f8ddeagtig dybde<\/p>\n<p>frisk syre<\/p>\n<p>Det her er:<br \/>\n\u201cFlydende karameliserede n\u00f8dder, honning og gammel Douro-magi.\u201d<\/p>\n","protected":false},"excerpt":{"rendered":"<h2 data-section-id=\"pzn11l\" data-start=\"4659\" data-end=\"4689\">Begrundelse for smagsprofil<\/h2>\n<ul data-start=\"4691\" data-end=\"5267\" data-is-last-node=\"\" data-is-only-node=\"\">\n<li data-section-id=\"11xqtdl\" data-start=\"4691\" data-end=\"4791\"><strong data-start=\"4693\" data-end=\"4708\">S\u00f8dme (78):<\/strong> White Colheita har markant rests\u00f8dme, men balanceres af oxidation og frisk syre.<\/li>\n<li data-section-id=\"6z788a\" data-start=\"4792\" data-end=\"4899\"><strong data-start=\"4794\" data-end=\"4809\">Frugt (72):<\/strong> Frugten er stadig tydelig, men udviklet mod t\u00f8rret og kandiseret frugt pga. fadlagring.<\/li>\n<li data-section-id=\"m6hd63\" data-start=\"4900\" data-end=\"5005\"><strong data-start=\"4902\" data-end=\"4918\">Tannin (18):<\/strong> Hvid portvin har generelt meget lave tanniner sammenlignet med ruby- og vintageport.<\/li>\n<li data-section-id=\"1ozo9ge\" data-start=\"5006\" data-end=\"5129\"><strong data-start=\"5008\" data-end=\"5022\">Syre (74):<\/strong> Druer som Arinto og Rabigato giver naturligt h\u00f8j syre, som er afg\u00f8rende for balancen i oxidativ lagring.<\/li>\n<li data-section-id=\"1agxaso\" data-start=\"5130\" data-end=\"5267\" data-is-last-node=\"\"><strong data-start=\"5132\" data-end=\"5154\">Kompleksitet (90):<\/strong> Lang fadmodning og oxidative noter giver stor aromatisk dybde med n\u00f8dder, honning, citrus og karameliserede lag.<\/li>\n<\/ul>\n","protected":false},"featured_media":825,"comment_status":"closed","ping_status":"closed","template":"","meta":{"pv_region":"","pv_style":"","pv_alcohol":"","pv_volume":"500 ml","pv_serving":"10\u201312\u00b0C","pv_vintage":"2015","pv_bottled":"","pv_producer":"Vista Alegre","pv_taste_soedme":78,"pv_taste_frugt":72,"pv_taste_tannin":18,"pv_taste_syre":74,"pv_taste_kompleksitet":90},"product_brand":[],"product_cat":[28],"product_tag":[],"class_list":{"0":"post-824","1":"product","2":"type-product","3":"status-publish","4":"has-post-thumbnail","6":"product_cat-colheita","8":"first","9":"instock","10":"taxable","11":"shipping-taxable","12":"purchasable","13":"product-type-simple"},"_links":{"self":[{"href":"https:\/\/portvinsnuden.dk\/shop\/wp-json\/wp\/v2\/product\/824","targetHints":{"allow":["GET"]}}],"collection":[{"href":"https:\/\/portvinsnuden.dk\/shop\/wp-json\/wp\/v2\/product"}],"about":[{"href":"https:\/\/portvinsnuden.dk\/shop\/wp-json\/wp\/v2\/types\/product"}],"replies":[{"embeddable":true,"href":"https:\/\/portvinsnuden.dk\/shop\/wp-json\/wp\/v2\/comments?post=824"}],"wp:featuredmedia":[{"embeddable":true,"href":"https:\/\/portvinsnuden.dk\/shop\/wp-json\/wp\/v2\/media\/825"}],"wp:attachment":[{"href":"https:\/\/portvinsnuden.dk\/shop\/wp-json\/wp\/v2\/media?parent=824"}],"wp:term":[{"taxonomy":"product_brand","embeddable":true,"href":"https:\/\/portvinsnuden.dk\/shop\/wp-json\/wp\/v2\/product_brand?post=824"},{"taxonomy":"product_cat","embeddable":true,"href":"https:\/\/portvinsnuden.dk\/shop\/wp-json\/wp\/v2\/product_cat?post=824"},{"taxonomy":"product_tag","embeddable":true,"href":"https:\/\/portvinsnuden.dk\/shop\/wp-json\/wp\/v2\/product_tag?post=824"}],"curies":[{"name":"wp","href":"https:\/\/api.w.org\/{rel}","templated":true}]}}