{"id":793,"date":"2026-04-21T15:14:58","date_gmt":"2026-04-21T13:14:58","guid":{"rendered":"https:\/\/portvinsnuden.dk\/shop\/?post_type=product&#038;p=793"},"modified":"2026-04-21T15:27:57","modified_gmt":"2026-04-21T13:27:57","slug":"quinta-devesa-30-aars-port","status":"publish","type":"product","link":"https:\/\/portvinsnuden.dk\/shop\/vare\/quinta-devesa-30-aars-port\/","title":{"rendered":"Quinta Devesa 30 \u00c5rs Port"},"content":{"rendered":"<p>N\u00e5r vi taler om Quinta da Devesa 30 \u00e5rs port (tawny), er det her, du rammer kernen af klassisk portvin \u2013 og samtidig noget, der er mere komplekst end langt de fleste forventer.<\/p>\n<p>\ud83e\udde0 1. Det er \u201cmaster blend\u201d \u2013 ikke bare gammel vin<\/p>\n<p>Det her er ikke \u00e9n vin fra \u00e9t \u00e5r:<\/p>\n<p>Blend af mange fade med gennemsnitsalder p\u00e5 30 \u00e5r<br \/>\nKun de fade, der har udviklet sig bedst, bliver brugt<br \/>\nDruer fra gamle stokke (old vines)<\/p>\n<p>\ud83d\udc49 Det betyder:<br \/>\nkontrolleret kompleksitet \u2013 ikke tilf\u00e6ldig alder<\/p>\n<p>\ud83e\uddea 2. Druer &amp; struktur (det klassiske Douro-DNA)<\/p>\n<p>Typiske druer:<\/p>\n<p>Touriga Nacional<br \/>\nTouriga Franca<br \/>\nTinta Roriz<br \/>\nTinta Barroca<br \/>\nTinto C\u00e3o<\/p>\n<p>\ud83d\udc49 Det giver:<\/p>\n<p>Struktur (som dog er bl\u00f8dgjort efter 30 \u00e5r)<br \/>\nDyb frugtbase (som senere bliver t\u00f8rret\/oxidativ)<br \/>\n\ud83d\udd25 3. Smagsprofil \u2013 hvad der faktisk sker i glasset<\/p>\n<p>Efter 30 \u00e5rs fadlagring sker der en transformation:<\/p>\n<p>Prim\u00e6re noter (rester af frugt):<\/p>\n<p>Rosin<br \/>\nFigen<br \/>\nT\u00f8rret blomme<\/p>\n<p>Fad\/oxidation:<\/p>\n<p>Karamel<br \/>\nVanilje<br \/>\nRistede n\u00f8dder<\/p>\n<p>Udviklede (premium-laget):<\/p>\n<p>Lakrids<br \/>\nKrydderier<br \/>\nLet citrus-konfekt<\/p>\n<p>Beskrives bl.a. med:<\/p>\n<p>\u201cliquorice, sultanas, raisins and spices\u201d<br \/>\nsamt kaffe, karamel og n\u00f8dder<\/p>\n<p>\ud83d\udc49 Det er lag p\u00e5 lag \u2013 ikke bare \u00e9n smag<\/p>\n<p>\u2696\ufe0f 4. Balancen \u2013 det sv\u00e6re ved 30 \u00e5rs<br \/>\nS\u00f8dme: h\u00f8j<br \/>\nSyre: tydelig (og vigtig!)<br \/>\nAlkohol: 20%<br \/>\nTannin: n\u00e6sten v\u00e6k<\/p>\n<p>\ud83d\udc49 Det der g\u00f8r den god:<br \/>\nSyren l\u00f8fter s\u00f8dmen \u2192 ellers ville den v\u00e6re tung<\/p>\n<p>Netop denne vin fremh\u00e6ves for:<\/p>\n<p>\u201cgreat freshness and acidity\u201d<br \/>\n\ud83c\udf42 5. Farve &amp; visuel alder<br \/>\nKobber \/ rav med orange kant<\/p>\n<p>\ud83d\udc49 Klassisk tegn p\u00e5:<\/p>\n<p>lang oxidativ lagring<br \/>\nh\u00f8j alder<br \/>\n\ud83c\udfc6 6. Kvalitet &amp; niveau<br \/>\n~94 point Robert Parker<br \/>\nSmall production (single quinta)<\/p>\n<p>\ud83d\udc49 Det placerer den i:<br \/>\npremium \u2013 men stadig \u201cvalue for money\u201d i 30 \u00e5rs segmentet<\/p>\n<p>\ud83e\uddca 7. Praktisk (det kunder elsker)<br \/>\nKlar til at drikke (ingen dekantering)<br \/>\nHolder uger til m\u00e5neder efter \u00e5bning<br \/>\nServering: ca. 15\u201316\u00b0C<\/p>\n<p>\ud83d\udc49 Meget nemmere end vintage port<\/p>\n<p>\ud83c\udf7d\ufe0f 8. Madparring \u2013 hvor den virkelig fungerer<\/p>\n<p>Perfekt til:<\/p>\n<p>N\u00f8ddebaserede desserter<br \/>\nCr\u00e8me br\u00fbl\u00e9e<br \/>\nLagret ost<\/p>\n<p>Men ogs\u00e5:<br \/>\n\ud83d\udc49 ren nydelse efter maden<\/p>\n<p>\ud83c\udfaf 9. Hvorfor 30 \u00e5rs er et \u201csweet spot\u201d<\/p>\n<p>Generelt for tawny:<\/p>\n<p>10 \u00e5r \u2192 for ungt<br \/>\n20 \u00e5r \u2192 balance<br \/>\n30 \u00e5r \u2192 maksimal kompleksitet uden at miste friskhed<br \/>\n40+ \u2192 endnu dybere, men smallere publikum<\/p>\n<p>\ud83d\udc49 Derfor er 30 \u00e5rs ofte:<br \/>\ndet mest \u201cseri\u00f8se\u201d k\u00f8b for de fleste<\/p>\n<p>\ud83d\udc49<br \/>\n\u201cEn klassisk 30 \u00e5rs tawny port med dyb n\u00f8dde- og karamelsmag, silkebl\u00f8d tekstur og imponerende friskhed for alderen.\u201d<\/p>\n<p>&nbsp;<\/p>\n","protected":false},"excerpt":{"rendered":"<h2 data-section-id=\"1mw3s9e\" data-start=\"4545\" data-end=\"4594\">Begrundelse for smagsprofil<\/h2>\n<ul data-start=\"4596\" data-end=\"5123\">\n<li data-section-id=\"102l9sa\" data-start=\"4596\" data-end=\"4702\"><strong data-start=\"4598\" data-end=\"4613\">S\u00f8dme (80):<\/strong> Ca. 100 g\/L restsukker \u2192 tydelig, men integreret<\/li>\n<li data-section-id=\"1xrfxnj\" data-start=\"4703\" data-end=\"4813\"><strong data-start=\"4705\" data-end=\"4720\">Frugt (65):<\/strong> Prim\u00e6rt t\u00f8rret frugt (abrikos, rosin) frem for frisk<\/li>\n<li data-section-id=\"tn4vun\" data-start=\"4814\" data-end=\"4880\"><strong data-start=\"4816\" data-end=\"4832\">Tannin (15):<\/strong> Meget lav \u2192 hvid port + lang oxidativ lagring<\/li>\n<li data-section-id=\"18oe1v9\" data-start=\"4881\" data-end=\"5006\"><strong data-start=\"4883\" data-end=\"4897\">Syre (65):<\/strong> Fremh\u00e6ves specifikt som \u201cfantastic acidity\u201d \u2192 afg\u00f8rende for balancen<\/li>\n<li data-section-id=\"1qejgrp\" data-start=\"5007\" data-end=\"5123\"><strong data-start=\"5009\" data-end=\"5031\">Kompleksitet (95):<\/strong> 30 \u00e5rs fadlagring + balsamiske noter + dyb aromati<\/li>\n<\/ul>\n","protected":false},"featured_media":794,"comment_status":"closed","ping_status":"closed","template":"","meta":{"pv_region":"","pv_style":"","pv_alcohol":"","pv_volume":"","pv_serving":"","pv_vintage":"2025","pv_bottled":"","pv_producer":"Quinta Da Devesa","pv_taste_soedme":80,"pv_taste_frugt":65,"pv_taste_tannin":15,"pv_taste_syre":66,"pv_taste_kompleksitet":95},"product_brand":[],"product_cat":[22],"product_tag":[],"class_list":{"0":"post-793","1":"product","2":"type-product","3":"status-publish","4":"has-post-thumbnail","6":"product_cat-tawny-port","8":"first","9":"instock","10":"taxable","11":"shipping-taxable","12":"purchasable","13":"product-type-simple"},"_links":{"self":[{"href":"https:\/\/portvinsnuden.dk\/shop\/wp-json\/wp\/v2\/product\/793","targetHints":{"allow":["GET"]}}],"collection":[{"href":"https:\/\/portvinsnuden.dk\/shop\/wp-json\/wp\/v2\/product"}],"about":[{"href":"https:\/\/portvinsnuden.dk\/shop\/wp-json\/wp\/v2\/types\/product"}],"replies":[{"embeddable":true,"href":"https:\/\/portvinsnuden.dk\/shop\/wp-json\/wp\/v2\/comments?post=793"}],"wp:featuredmedia":[{"embeddable":true,"href":"https:\/\/portvinsnuden.dk\/shop\/wp-json\/wp\/v2\/media\/794"}],"wp:attachment":[{"href":"https:\/\/portvinsnuden.dk\/shop\/wp-json\/wp\/v2\/media?parent=793"}],"wp:term":[{"taxonomy":"product_brand","embeddable":true,"href":"https:\/\/portvinsnuden.dk\/shop\/wp-json\/wp\/v2\/product_brand?post=793"},{"taxonomy":"product_cat","embeddable":true,"href":"https:\/\/portvinsnuden.dk\/shop\/wp-json\/wp\/v2\/product_cat?post=793"},{"taxonomy":"product_tag","embeddable":true,"href":"https:\/\/portvinsnuden.dk\/shop\/wp-json\/wp\/v2\/product_tag?post=793"}],"curies":[{"name":"wp","href":"https:\/\/api.w.org\/{rel}","templated":true}]}}